{"id":1359,"date":"2015-02-08T13:56:14","date_gmt":"2015-02-08T12:56:14","guid":{"rendered":"http:\/\/www.blb.mablog.eu\/?page_id=1359"},"modified":"2015-05-03T16:21:25","modified_gmt":"2015-05-03T15:21:25","slug":"kontakt","status":"publish","type":"page","link":"https:\/\/www.blbnemekvalitne.cz\/?page_id=1359","title":{"rendered":"Kontakt"},"content":{"rendered":"<p>BLB-redakto\u0159i:<\/p>\n\n\t\t<style type=\"text\/css\">\n\t\t\t#gallery-1 {\n\t\t\t\tmargin: auto;\n\t\t\t}\n\t\t\t#gallery-1 .gallery-item {\n\t\t\t\tfloat: left;\n\t\t\t\tmargin-top: 10px;\n\t\t\t\ttext-align: center;\n\t\t\t\twidth: 25%;\n\t\t\t}\n\t\t\t#gallery-1 img {\n\t\t\t\tborder: 2px solid #cfcfcf;\n\t\t\t}\n\t\t\t#gallery-1 .gallery-caption {\n\t\t\t\tmargin-left: 0;\n\t\t\t}\n\t\t\t\/* see gallery_shortcode() in wp-includes\/media.php *\/\n\t\t<\/style>\n\t\t<div id='gallery-1' class='gallery galleryid-1359 gallery-columns-4 gallery-size-thumbnail'><dl class='gallery-item'>\n\t\t\t<dt class='gallery-icon portrait'>\n\t\t\t\t<a href='https:\/\/www.blbnemekvalitne.cz\/wp-content\/uploads\/2013\/09\/DSCN09511.jpg'><img loading=\"lazy\" decoding=\"async\" width=\"150\" height=\"150\" src=\"https:\/\/www.blbnemekvalitne.cz\/wp-content\/uploads\/2013\/09\/DSCN09511-150x150.jpg\" class=\"attachment-thumbnail size-thumbnail\" alt=\"\" \/><\/a>\n\t\t\t<\/dt><\/dl><dl class='gallery-item'>\n\t\t\t<dt class='gallery-icon portrait'>\n\t\t\t\t<a href='https:\/\/www.blbnemekvalitne.cz\/wp-content\/uploads\/2010\/07\/MG_6277.jpg'><img loading=\"lazy\" decoding=\"async\" width=\"150\" height=\"150\" src=\"https:\/\/www.blbnemekvalitne.cz\/wp-content\/uploads\/2010\/07\/MG_6277-150x150.jpg\" class=\"attachment-thumbnail size-thumbnail\" alt=\"\" \/><\/a>\n\t\t\t<\/dt><\/dl><dl class='gallery-item'>\n\t\t\t<dt class='gallery-icon landscape'>\n\t\t\t\t<a href='https:\/\/www.blbnemekvalitne.cz\/wp-content\/uploads\/2015\/02\/IMG_3643.jpg'><img loading=\"lazy\" decoding=\"async\" width=\"150\" height=\"150\" src=\"https:\/\/www.blbnemekvalitne.cz\/wp-content\/uploads\/2015\/02\/IMG_3643-150x150.jpg\" class=\"attachment-thumbnail size-thumbnail\" alt=\"\" \/><\/a>\n\t\t\t<\/dt><\/dl><dl class='gallery-item'>\n\t\t\t<dt class='gallery-icon landscape'>\n\t\t\t\t<a href='https:\/\/www.blbnemekvalitne.cz\/wp-content\/uploads\/2013\/2013-10-19_PVC\/IMG_1442.jpg'><img loading=\"lazy\" decoding=\"async\" width=\"150\" height=\"150\" src=\"https:\/\/www.blbnemekvalitne.cz\/wp-content\/uploads\/2013\/2013-10-19_PVC\/IMG_1442-150x150.jpg\" class=\"attachment-thumbnail size-thumbnail\" alt=\"\" \/><\/a>\n\t\t\t<\/dt><\/dl><br style=\"clear: both\" \/><dl class='gallery-item'>\n\t\t\t<dt class='gallery-icon portrait'>\n\t\t\t\t<a href='https:\/\/www.blbnemekvalitne.cz\/wp-content\/uploads\/2013\/2013-10-19_PVC\/IMG_1360.jpg'><img loading=\"lazy\" decoding=\"async\" width=\"150\" height=\"150\" src=\"https:\/\/www.blbnemekvalitne.cz\/wp-content\/uploads\/2013\/2013-10-19_PVC\/IMG_1360-150x150.jpg\" class=\"attachment-thumbnail size-thumbnail\" alt=\"\" \/><\/a>\n\t\t\t<\/dt><\/dl><dl class='gallery-item'>\n\t\t\t<dt class='gallery-icon portrait'>\n\t\t\t\t<a href='https:\/\/www.blbnemekvalitne.cz\/wp-content\/uploads\/2013\/2013-07-05_Kladno\/DSCN0293.jpg'><img loading=\"lazy\" decoding=\"async\" width=\"150\" height=\"150\" src=\"https:\/\/www.blbnemekvalitne.cz\/wp-content\/uploads\/2013\/2013-07-05_Kladno\/DSCN0293-150x150.jpg\" class=\"attachment-thumbnail size-thumbnail\" alt=\"\" \/><\/a>\n\t\t\t<\/dt><\/dl><dl class='gallery-item'>\n\t\t\t<dt class='gallery-icon landscape'>\n\t\t\t\t<a href='https:\/\/www.blbnemekvalitne.cz\/wp-content\/uploads\/2013\/2013-10-19_PVC\/IMG_1431.jpg'><img loading=\"lazy\" decoding=\"async\" width=\"150\" height=\"150\" src=\"https:\/\/www.blbnemekvalitne.cz\/wp-content\/uploads\/2013\/2013-10-19_PVC\/IMG_1431-150x150.jpg\" class=\"attachment-thumbnail size-thumbnail\" alt=\"\" \/><\/a>\n\t\t\t<\/dt><\/dl><dl class='gallery-item'>\n\t\t\t<dt class='gallery-icon portrait'>\n\t\t\t\t<a href='https:\/\/www.blbnemekvalitne.cz\/wp-content\/uploads\/2012\/10\/IMG_0099.jpg'><img loading=\"lazy\" decoding=\"async\" width=\"150\" height=\"150\" src=\"https:\/\/www.blbnemekvalitne.cz\/wp-content\/uploads\/2012\/10\/IMG_0099-150x150.jpg\" class=\"attachment-thumbnail size-thumbnail\" alt=\"\" \/><\/a>\n\t\t\t<\/dt><\/dl><br style=\"clear: both\" \/>\n\t\t<\/div>\n\n<h4><\/h4>\n<h4>Kr\u00e1likOpi\u010d\u00e1k<\/h4>\n<ul>\n<li>hlavn\u00ed BLB-redaktor<\/li>\n<li>724 284 393<\/li>\n<li>kraljakub(@)seznam.cz<\/li>\n<\/ul>\n<h4>N\u00e1\u010deln\u00edk<\/h4>\n<ul>\n<li>libormelen(@)atlas.cz<\/li>\n<\/ul>\n<h4>Xenis<\/h4>\n<ul>\n<li>xenis(@)seznam.cz<\/li>\n<\/ul>\n<h4>Drobek<\/h4>\n<ul>\n<li>tomas.fuks(@)centrum.cz<\/li>\n<\/ul>\n","protected":false},"excerpt":{"rendered":"<p>BLB-redakto\u0159i: Kr\u00e1likOpi\u010d\u00e1k hlavn\u00ed BLB-redaktor 724 284 393 kraljakub(@)seznam.cz N\u00e1\u010deln\u00edk libormelen(@)atlas.cz Xenis xenis(@)seznam.cz Drobek tomas.fuks(@)centrum.cz<\/p>\n","protected":false},"author":1,"featured_media":0,"parent":0,"menu_order":0,"comment_status":"open","ping_status":"open","template":"","meta":{"footnotes":""},"class_list":["post-1359","page","type-page","status-publish","hentry"],"_links":{"self":[{"href":"https:\/\/www.blbnemekvalitne.cz\/index.php?rest_route=\/wp\/v2\/pages\/1359","targetHints":{"allow":["GET"]}}],"collection":[{"href":"https:\/\/www.blbnemekvalitne.cz\/index.php?rest_route=\/wp\/v2\/pages"}],"about":[{"href":"https:\/\/www.blbnemekvalitne.cz\/index.php?rest_route=\/wp\/v2\/types\/page"}],"author":[{"embeddable":true,"href":"https:\/\/www.blbnemekvalitne.cz\/index.php?rest_route=\/wp\/v2\/users\/1"}],"replies":[{"embeddable":true,"href":"https:\/\/www.blbnemekvalitne.cz\/index.php?rest_route=%2Fwp%2Fv2%2Fcomments&post=1359"}],"version-history":[{"count":6,"href":"https:\/\/www.blbnemekvalitne.cz\/index.php?rest_route=\/wp\/v2\/pages\/1359\/revisions"}],"predecessor-version":[{"id":2831,"href":"https:\/\/www.blbnemekvalitne.cz\/index.php?rest_route=\/wp\/v2\/pages\/1359\/revisions\/2831"}],"wp:attachment":[{"href":"https:\/\/www.blbnemekvalitne.cz\/index.php?rest_route=%2Fwp%2Fv2%2Fmedia&parent=1359"}],"curies":[{"name":"wp","href":"https:\/\/api.w.org\/{rel}","templated":true}]}}